{"id":280903,"date":"2024-02-27T16:03:28","date_gmt":"2024-02-27T08:03:28","guid":{"rendered":"http:\/\/cipu.ceshi19.7-mi.net\/?page_id=280903"},"modified":"2024-04-23T16:36:25","modified_gmt":"2024-04-23T08:36:25","slug":"%e6%b3%95%e8%af%ad-%e6%94%af%e6%8c%81%e4%b8%ad%e5%bf%83","status":"publish","type":"page","link":"https:\/\/www.joymann.com\/index.php\/fr\/%e6%b3%95%e8%af%ad-%e6%94%af%e6%8c%81%e4%b8%ad%e5%bf%83\/","title":{"rendered":"\u6cd5\u8bed-\u652f\u6301\u4e2d\u5fc3"},"content":{"rendered":"<p>[et_pb_section fb_built=&#8221;1&#8243; custom_padding_last_edited=&#8221;on|tablet&#8221; next_background_color=&#8221;#edeffa&#8221; admin_label=&#8221;Hero&#8221; _builder_version=&#8221;4.23.4&#8243; use_background_color_gradient=&#8221;on&#8221; background_color_gradient_type=&#8221;circular&#8221; background_color_gradient_direction_radial=&#8221;top right&#8221; background_color_gradient_stops=&#8221;rgba(255,255,255,0) 20%|rgba(1,77,183,0.9) 100%&#8221; background_color_gradient_overlays_image=&#8221;on&#8221; background_color_gradient_start=&#8221;rgba(255,255,255,0)&#8221; background_color_gradient_start_position=&#8221;20%&#8221; background_color_gradient_end=&#8221;rgba(1,77,183,0.9)&#8221; background_image=&#8221;https:\/\/www.joymann.com\/wp-content\/uploads\/2024\/01\/roberto-nickson-h1_ILkb9tLo-unsplash-1.jpg&#8221; custom_padding=&#8221;110px|0px|160px|0px|false|false&#8221; custom_padding_tablet=&#8221;50px||50px||true&#8221; custom_padding_phone=&#8221;|||&#8221; bottom_divider_style=&#8221;asymmetric&#8221; bottom_divider_height=&#8221;50px&#8221; bottom_divider_flip=&#8221;horizontal&#8221; bottom_divider_height_tablet=&#8221;90px&#8221; bottom_divider_height_phone=&#8221;80px&#8221; collapsed=&#8221;on&#8221; global_colors_info=&#8221;{}&#8221;][et_pb_row column_structure=&#8221;2_3,1_3&#8243; _builder_version=&#8221;4.16&#8243; custom_width_px=&#8221;1280px&#8221; global_colors_info=&#8221;{}&#8221;][et_pb_column type=&#8221;2_3&#8243; _builder_version=&#8221;4.16&#8243; custom_padding=&#8221;|||&#8221; global_colors_info=&#8221;{}&#8221; custom_padding__hover=&#8221;|||&#8221;][et_pb_text _builder_version=&#8221;4.24.0&#8243; text_font=&#8221;Montserrat||||||||&#8221; text_text_color=&#8221;rgba(255,255,255,0.7)&#8221; text_font_size=&#8221;20px&#8221; text_line_height=&#8221;1.8em&#8221; header_font=&#8221;Montserrat|700|||||||&#8221; header_font_size=&#8221;44px&#8221; header_line_height=&#8221;1.4em&#8221; header_6_font=&#8221;Montserrat|600||on|||||&#8221; header_6_text_color=&#8221;rgba(255,255,255,0.7)&#8221; header_6_font_size=&#8221;16px&#8221; header_6_letter_spacing=&#8221;2px&#8221; header_6_line_height=&#8221;1.5em&#8221; background_layout=&#8221;dark&#8221; max_width=&#8221;780px&#8221; hover_enabled=&#8221;0&#8243; text_font_size_tablet=&#8221;&#8221; text_font_size_phone=&#8221;15px&#8221; text_font_size_last_edited=&#8221;on|phone&#8221; header_font_size_tablet=&#8221;&#8221; header_font_size_phone=&#8221;28px&#8221; header_font_size_last_edited=&#8221;on|phone&#8221; global_colors_info=&#8221;{}&#8221; sticky_enabled=&#8221;0&#8243;]<\/p>\n<h1>soutien<\/h1>\n<p>Ici, vous pouvez facilement acc\u00e9der \u00e0 des informations sur vos produits JOYBACH pr\u00e9f\u00e9r\u00e9s, y compris des guides de r\u00e9f\u00e9rence rapide, des \u00e9tapes de d\u00e9pannage et des vid\u00e9os de support produit. Vous \u00eates au bon endroit.<\/p>\n<p>[\/et_pb_text][\/et_pb_column][et_pb_column type=&#8221;1_3&#8243; _builder_version=&#8221;4.16&#8243; custom_padding=&#8221;|||&#8221; global_colors_info=&#8221;{}&#8221; custom_padding__hover=&#8221;|||&#8221;][\/et_pb_column][\/et_pb_row][\/et_pb_section][et_pb_section fb_built=&#8221;1&#8243; admin_label=&#8221;Services&#8221; _builder_version=&#8221;4.23.4&#8243; background_color=&#8221;#edeffa&#8221; locked=&#8221;off&#8221; collapsed=&#8221;on&#8221; global_colors_info=&#8221;{}&#8221;][et_pb_row _builder_version=&#8221;4.16&#8243; global_colors_info=&#8221;{}&#8221;][et_pb_column type=&#8221;4_4&#8243; _builder_version=&#8221;4.16&#8243; custom_padding=&#8221;|||&#8221; global_colors_info=&#8221;{}&#8221; custom_padding__hover=&#8221;|||&#8221;][et_pb_text _builder_version=&#8221;4.24.0&#8243; text_font=&#8221;Montserrat||||||||&#8221; text_font_size=&#8221;16px&#8221; text_line_height=&#8221;1.8em&#8221; link_font=&#8221;Montserrat|700|||||||&#8221; link_text_color=&#8221;#fa546d&#8221; link_font_size=&#8221;22px&#8221; link_line_height=&#8221;1.5em&#8221; header_font=&#8221;||||||||&#8221; header_2_font=&#8221;Montserrat|700|||||||&#8221; header_2_font_size=&#8221;40px&#8221; header_2_line_height=&#8221;1.4em&#8221; header_6_font=&#8221;Montserrat|600||on|||||&#8221; header_6_text_color=&#8221;#ffb342&#8243; header_6_font_size=&#8221;16px&#8221; header_6_letter_spacing=&#8221;2px&#8221; header_6_line_height=&#8221;1.5em&#8221; text_orientation=&#8221;center&#8221; max_width=&#8221;700px&#8221; max_width_last_edited=&#8221;off|desktop&#8221; module_alignment=&#8221;center&#8221; custom_margin=&#8221;|||&#8221; custom_padding=&#8221;|||&#8221; header_2_font_size_tablet=&#8221;&#8221; header_2_font_size_phone=&#8221;24px&#8221; header_2_font_size_last_edited=&#8221;on|phone&#8221; global_colors_info=&#8221;{}&#8221;]<\/p>\n<h6>soutien<\/h6>\n<h2>BROCHURES de produits<\/h2>\n<p>Recherchez ou parcourez notre catalogue pour toutes les informations sur les produits, images, vid\u00e9os, documents et t\u00e9l\u00e9chargements.<\/p>\n<p>[\/et_pb_text][difl_advancedtab tab_animation=&#8221;slide_left&#8221; content_container_bgcolor=&#8221;RGBA(255,255,255,0)&#8221; nav_container_bgcolor=&#8221;RGBA(255,255,255,0)&#8221; use_sticky_nav=&#8221;off&#8221; use_nav_width=&#8221;off&#8221; nav_align=&#8221;flex_center&#8221; nav_item_bgcolor=&#8221;#ffffff&#8221; nav_item_color_gradient_1=&#8221;#0C71C3&#8243; nav_item_color_gradient_2=&#8221;#0C71C3&#8243; nav_item_gradient_direction=&#8221;0deg&#8221; nav_item_background_image_size=&#8221;custom&#8221; nav_item_size_width=&#8221;100%&#8221; nav_item_size_height=&#8221;100%&#8221; nav_item_background_image_position=&#8221;top_center&#8221; nav_item_active_bgcolor=&#8221;#0C71C3&#8243; nav_item_active_color_gradient_1=&#8221;#95A611&#8243; nav_item_active_color_gradient_2=&#8221;#95A611&#8243; nav_item_active_background_image_size=&#8221;custom&#8221; nav_item_active_size_width=&#8221;100%&#8221; nav_item_active_size_height=&#8221;100%&#8221; nav_item_active_background_image_position=&#8221;top_center&#8221; icon_color_active=&#8221;#FFFFFF&#8221; icon_size=&#8221;48px&#8221; image_size=&#8221;48px&#8221; image_size_active=&#8221;48px&#8221; icon_align=&#8221;center&#8221; use_active_arrow=&#8221;off&#8221; at_content_wrapper_margin=&#8221;10px|0px|10px|0px|true|false&#8221; at_content_wrapper_margin_tablet=&#8221;18px||18px||true|false&#8221; at_content_wrapper_margin_phone=&#8221;16px||16px||true|false&#8221; at_content_wrapper_margin_last_edited=&#8221;on|desktop&#8221; at_content_wrapper_padding=&#8221;10px|0px||0px|false|false&#8221; at_content_wrapper_padding_tablet=&#8221;&#8221; at_content_wrapper_padding_phone=&#8221;0px|0px||0px|false|true&#8221; at_content_wrapper_padding_last_edited=&#8221;on|desktop&#8221; image_wrapper_margin=&#8221;0px|||0px|false|false&#8221; image_wrapper_padding=&#8221;0px|||0px|false|false&#8221; nav_item_margin=&#8221;|10px||10px|false|true&#8221; nav_item_margin_tablet=&#8221;|0px|15px|0px|false|true&#8221; nav_item_margin_phone=&#8221;|0px|15px|0px|false|true&#8221; nav_item_margin_last_edited=&#8221;on|desktop&#8221; nav_item_padding=&#8221;30px||30px||true|false&#8221; nav_item_padding_tablet=&#8221;25px||25px||true|false&#8221; nav_item_padding_phone=&#8221;15px||15px||true|false&#8221; nav_item_padding_last_edited=&#8221;on|desktop&#8221; nav_item_first_margin=&#8221;|||0px|false|false&#8221; nav_item_last_margin=&#8221;|0px|||false|false&#8221; content_margin=&#8221;0px|0px||0px|false|false&#8221; content_padding=&#8221;0px|20px|0px|20px|true|true&#8221; content_padding_tablet=&#8221;30px|30px|30px|30px|true|true&#8221; content_padding_phone=&#8221;20px|20px|20px|20px|true|true&#8221; content_padding_last_edited=&#8221;on|phone&#8221; nav_title_margin=&#8221;||15px||false|false&#8221; image_size_tablet=&#8221;44px&#8221; image_size_phone=&#8221;40px&#8221; image_size_last_edited=&#8221;on|desktop&#8221; image_size_active_tablet=&#8221;44px&#8221; image_size_active_phone=&#8221;40px&#8221; image_size_active_last_edited=&#8221;on|desktop&#8221; _builder_version=&#8221;4.24.0&#8243; _module_preset=&#8221;default&#8221; title_font=&#8221;Lato|700|||||||&#8221; title_text_align=&#8221;center&#8221; title_text_color=&#8221;#2ea3f2&#8243; title_font_size=&#8221;20px&#8221; title_line_height=&#8221;28px&#8221; title_active_font=&#8221;Lato|700|||||||&#8221; title_active_text_align=&#8221;center&#8221; title_active_text_color=&#8221;#FFFFFF&#8221; title_active_font_size=&#8221;20px&#8221; title_active_line_height=&#8221;28px&#8221; width=&#8221;100%&#8221; max_width=&#8221;1920%&#8221; module_alignment=&#8221;center&#8221; title_font_size_tablet=&#8221;19px&#8221; title_font_size_phone=&#8221;18px&#8221; title_font_size_last_edited=&#8221;on|tablet&#8221; title_line_height_tablet=&#8221;27px&#8221; title_line_height_phone=&#8221;26px&#8221; title_line_height_last_edited=&#8221;on|desktop&#8221; title_active_font_size_tablet=&#8221;19px&#8221; title_active_font_size_phone=&#8221;18px&#8221; title_active_font_size_last_edited=&#8221;on|desktop&#8221; title_active_line_height_tablet=&#8221;27px&#8221; title_active_line_height_phone=&#8221;26px&#8221; title_active_line_height_last_edited=&#8221;on|desktop&#8221; border_radii_nav_item=&#8221;on|10px|10px|10px|10px&#8221; border_width_top_nav_item=&#8221;10px&#8221; border_color_top_nav_item=&#8221;#2ea3f2&#8243; border_radii_nav_item_active=&#8221;on|10px|10px|10px|10px&#8221; border_width_top_nav_item_active=&#8221;10px&#8221; border_color_top_nav_item_active=&#8221;#0C71C3&#8243; global_colors_info=&#8221;{}&#8221; nav_item_color_gradient_1__hover_enabled=&#8221;on|hover&#8221; nav_item_color_gradient_1__hover=&#8221;#95a611&#8243; nav_item_color_gradient_2__hover_enabled=&#8221;on|desktop&#8221; nav_item_color_gradient_2__hover=&#8221;#95A611&#8243; nav_item_size_width__hover_enabled=&#8221;on|hover&#8221; nav_item_size_height__hover_enabled=&#8221;on|desktop&#8221; nav_item_size_width__hover=&#8221;100%&#8221; nav_item_size_height__hover=&#8221;100%&#8221; border_color_top_nav_item__hover_enabled=&#8221;on|hover&#8221; border_color_top_nav_item__hover=&#8221;#0C71C3&#8243; nav_container_bgcolor__hover_enabled=&#8221;on|desktop&#8221; nav_container_bgcolor__hover=&#8221;RGBA(255,255,255,0)&#8221; icon_color__hover_enabled=&#8221;on|desktop&#8221; border_color_top_nav_item_active__hover_enabled=&#8221;on|hover&#8221; border_color_top_nav_item_active__hover=&#8221;#0C71C3&#8243;][difl_advancedtabitem title=&#8221;Manuel des filtres&#8221; content_type=&#8221;library&#8221; library_item=&#8221;280908&#8243; use_icon=&#8221;on&#8221; font_icon=&#8221;&#xf02d;||fa||900&#8243; icon_color=&#8221;#FFFFFF&#8221; at_button_button_url_new_window=&#8221;1&#8243; button_align=&#8221;left&#8221; text_area_bgcolor=&#8221;#FFFFFF&#8221; button_bgcolor=&#8221;#000000&#8243; _builder_version=&#8221;4.24.0&#8243; _module_preset=&#8221;default&#8221; title_text_align=&#8221;center&#8221; background_color=&#8221;#FFFFFF&#8221; background_enable_color=&#8221;on&#8221; max_width=&#8221;1180px&#8221; custom_margin=&#8221;||0px||false|false&#8221; border_radii=&#8221;on|15px|15px|15px|15px&#8221; global_colors_info=&#8221;{}&#8221;][\/difl_advancedtabitem][difl_advancedtabitem title=&#8221;Manuel pompe \u00e0 chaleur&#8221; content_type=&#8221;library&#8221; library_item=&#8221;280907&#8243; use_icon=&#8221;on&#8221; font_icon=&#8221;&#xf02d;||fa||900&#8243; at_button_button_url_new_window=&#8221;1&#8243; _builder_version=&#8221;4.24.0&#8243; _module_preset=&#8221;default&#8221; background_color=&#8221;#FFFFFF&#8221; background_enable_color=&#8221;on&#8221; max_width=&#8221;1180%&#8221; module_alignment=&#8221;center&#8221; custom_margin=&#8221;||0px||false|false&#8221; border_radii=&#8221;on|10px|10px|10px|10px&#8221; global_colors_info=&#8221;{}&#8221;][\/difl_advancedtabitem][difl_advancedtabitem title=&#8221;Les autres manuels&#8221; content_type=&#8221;library&#8221; library_item=&#8221;280909&#8243; use_icon=&#8221;on&#8221; font_icon=&#8221;&#xf02d;||fa||900&#8243; at_button_button_url_new_window=&#8221;1&#8243; _builder_version=&#8221;4.24.0&#8243; _module_preset=&#8221;default&#8221; background_color=&#8221;#FFFFFF&#8221; background_enable_color=&#8221;on&#8221; max_width=&#8221;1180%&#8221; module_alignment=&#8221;center&#8221; custom_margin=&#8221;||0px||false|false&#8221; border_radii=&#8221;on|10px|10px|10px|10px&#8221; global_colors_info=&#8221;{}&#8221;]<\/p>\n<p>111<\/p>\n<p>[\/difl_advancedtabitem][\/difl_advancedtab][\/et_pb_column][\/et_pb_row][\/et_pb_section][et_pb_section fb_built=&#8221;1&#8243; admin_label=&#8221;FAQ&#8221; _builder_version=&#8221;4.16&#8243; background_color=&#8221;#0c4a7c&#8221; module_alignment=&#8221;right&#8221; custom_padding=&#8221;60px|0px|60px|0px|true|false&#8221; collapsed=&#8221;on&#8221; global_colors_info=&#8221;{}&#8221;][et_pb_row _builder_version=&#8221;4.16&#8243; global_colors_info=&#8221;{}&#8221;][et_pb_column type=&#8221;4_4&#8243; _builder_version=&#8221;4.16&#8243; custom_padding=&#8221;|||&#8221; global_colors_info=&#8221;{}&#8221; custom_padding__hover=&#8221;|||&#8221;][et_pb_text module_id=&#8221;faq&#8221; _builder_version=&#8221;4.24.0&#8243; text_font=&#8221;Montserrat||||||||&#8221; text_text_color=&#8221;#FFFFFF&#8221; text_font_size=&#8221;16px&#8221; text_line_height=&#8221;1.8em&#8221; link_font=&#8221;Montserrat|700|||||||&#8221; link_text_color=&#8221;#fa546d&#8221; link_font_size=&#8221;22px&#8221; link_line_height=&#8221;1.5em&#8221; header_font=&#8221;||||||||&#8221; header_2_font=&#8221;Montserrat|700|||||||&#8221; header_2_font_size=&#8221;40px&#8221; header_2_line_height=&#8221;1.4em&#8221; header_6_font=&#8221;Montserrat|600||on|||||&#8221; header_6_text_color=&#8221;#FFFFFF&#8221; header_6_font_size=&#8221;16px&#8221; header_6_letter_spacing=&#8221;2px&#8221; header_6_line_height=&#8221;1.5em&#8221; text_orientation=&#8221;center&#8221; background_layout=&#8221;dark&#8221; max_width=&#8221;100%&#8221; max_width_last_edited=&#8221;off|desktop&#8221; module_alignment=&#8221;left&#8221; custom_margin=&#8221;|||&#8221; custom_padding=&#8221;|||&#8221; header_2_font_size_tablet=&#8221;&#8221; header_2_font_size_phone=&#8221;24px&#8221; header_2_font_size_last_edited=&#8221;on|phone&#8221; locked=&#8221;off&#8221; global_colors_info=&#8221;{}&#8221;]<\/p>\n<h6>Foire aux Questions Base de connaissances<\/h6>\n<h2>Q&amp;R.<\/h2>\n<p>[\/et_pb_text][et_pb_accordion open_toggle_text_color=&#8221;#000000&#8243; closed_toggle_text_color=&#8221;rgba(0,0,0,0.7)&#8221; closed_toggle_background_color=&#8221;#ffffff&#8221; icon_color=&#8221;rgba(0,0,0,0.3)&#8221; _builder_version=&#8221;4.24.0&#8243; toggle_font=&#8221;Montserrat||||||||&#8221; toggle_font_size=&#8221;16px&#8221; toggle_line_height=&#8221;1.5em&#8221; body_font=&#8221;Montserrat||||||||&#8221; body_line_height=&#8221;2em&#8221; custom_margin=&#8221;|||&#8221; custom_padding=&#8221;|10px||10px|false|true&#8221; border_radii=&#8221;on|6px|6px|6px|6px&#8221; border_width_all=&#8221;0px&#8221; global_colors_info=&#8221;{}&#8221;][et_pb_accordion_item title=&#8221;Pourquoi ma pompe est-elle chaude mais en panne de courant?&#8221; open=&#8221;on&#8221; _builder_version=&#8221;4.24.0&#8243; global_colors_info=&#8221;{}&#8221;]<\/p>\n<ul>\n<li data-immersive-translate-walked=\"b8dbd4f5-0911-4276-a758-3d87a934b2d0\" data-immersive-translate-paragraph=\"1\">Cela peut \u00eatre d\u00fb \u00e0 un manque d\u2019alimentation en raison de la petite taille du fil ou une mauvaise connexion. V\u00e9rifiez votre manuel d\u2019utilisation pour vous assurer du c\u00e2blage appropri\u00e9.<\/li>\n<li>Votre compagnie d\u2019\u00e9lectricit\u00e9 locale peut conna\u00eetre des pannes de courant, surtout pendant les vagues de chaleur. Red\u00e9marrez la pompe lorsque le temps se refroidit pour confirmer que le probl\u00e8me est bien dans le moteur.<\/li>\n<li>Votre pompe a une surcharge thermique, qui va arr\u00eater le moteur et quand il devient trop chaud, il red\u00e9marre une fois qu\u2019il a refroidi. V\u00e9rifiez que les entr\u00e9es d\u2019air du moteur sont exemptes de d\u00e9bris. Si des d\u00e9bris obstruent ces \u00e9vents, le moteur risque de surchauffer et de s\u2019arr\u00eater.<\/li>\n<li>Assurez-vous que votre pompe est situ\u00e9e dans une zone avec un drainage ad\u00e9quat. Les inondations dues \u00e0 la pluie et \u00e0 d\u2019autres sources peuvent entra\u00eener une surchauffe des pompes et leur coupure.<\/li>\n<\/ul>\n<p>[\/et_pb_accordion_item][et_pb_accordion_item title=&#8221;Pourquoi ma pompe fait-elle du bruit?&#8221; _builder_version=&#8221;4.24.0&#8243; global_colors_info=&#8221;{}&#8221; open=&#8221;off&#8221;]<\/p>\n<ul>\n<li>Il y a un ventilateur de refroidissement audible \u00e0 l\u2019int\u00e9rieur du moteur. Lors de l\u2019installation de la pompe, il est recommand\u00e9 de consid\u00e9rer soigneusement l\u2019emplacement; La fen\u00eatre de la chambre n\u2019est peut-\u00eatre pas l\u2019endroit id\u00e9al.<\/li>\n<li>Les vibrations du pied et de la base de la pompe (\u00e0 l\u2019endroit o\u00f9 se trouve la pompe) peuvent faire du bruit. Un morceau de vieux tapis ou de caoutchouc entre la base de la pompe et le tampon de l\u2019\u00e9quipement peut r\u00e9duire le bruit.<\/li>\n<li>Assurez-vous que la pompe est de niveau et que la conduite d\u2019aspiration n\u2019est pas plus haute que la pompe.<\/li>\n<li>Les roulements peuvent produire du bruit d\u00fb au vieillissement ou \u00e0 des concentrations \u00e9lev\u00e9es de produits chimiques et de chaleur. Une fuite du joint de la pompe peut endommager le palier du moteur avant. Il est tr\u00e8s important de r\u00e9parer rapidement les fuites autour de la pompe pour \u00e9viter des dommages importants. Il est recommand\u00e9 de remplacer les roulements ou le moteur entier. Veuillez contacter votre concessionnaire autoris\u00e9 pour les r\u00e9parations.<\/li>\n<li data-immersive-translate-walked=\"01dd3102-6c26-4c94-a6b4-db8f51956223\" data-immersive-translate-paragraph=\"1\">Souvent, le bruit de la pompe peut provenir de la cavitation. Il existe deux causes possibles de cavitation, toutes deux li\u00e9es \u00e0 la puissance hydraulique (d\u00e9bit d\u2019eau). La premi\u00e8re est que la taille du tuyau d\u2019aspiration est trop petite. Si le tuyau est trop petit, la pompe aura besoin de moins d\u2019eau pour fonctionner correctement. L\u2019augmentation de la taille du tuyau (augmentation du d\u00e9bit d\u2019eau) ou la diminution de la taille de la roue (r\u00e9duction du d\u00e9bit d\u2019eau) peuvent couper la pompe. La seconde est que le c\u00f4t\u00e9 pression du syst\u00e8me a peu ou pas de contre-pression (la pompe est un bon exemple). Il est recommand\u00e9 d\u2019ajouter une valve ou autre chose pour augmenter la contre-pression.<\/li>\n<li data-immersive-translate-walked=\"b8dbd4f5-0911-4276-a758-3d87a934b2d0\" data-immersive-translate-paragraph=\"1\"><\/li>\n<\/ul>\n<p>[\/et_pb_accordion_item][et_pb_accordion_item title=&#8221;Pourquoi des bulles d\u2019air s\u2019\u00e9coulent-elles dans la piscine depuis l\u2019unit\u00e9 de reflux?&#8221; _builder_version=&#8221;4.24.0&#8243; global_colors_info=&#8221;{}&#8221; open=&#8221;off&#8221;]<\/p>\n<ul>\n<li>Si l\u2019air revient dans la piscine, il peut y avoir une fuite du c\u00f4t\u00e9 aspiration de la pompe. Veuillez v\u00e9rifier les \u00e9l\u00e9ments suivants qui peuvent faire entrer de l\u2019air dans votre syst\u00e8me: vous devrez peut-\u00eatre contacter un concessionnaire autoris\u00e9 Hayward pour des r\u00e9parations.<\/li>\n<li>Couvercle de filtre et joint torique. Si desserr\u00e9, le serrer. S\u2019il est endommag\u00e9, remplacer le joint.<\/li>\n<li>Le niveau d\u2019eau de la piscine est bas, ce qui fait que l\u2019eau et l\u2019air se m\u00e9langent dans l\u2019\u00e9cumeur.<\/li>\n<li>Le d\u00e9verseur de l\u2019\u00e9cumeur peut rester coinc\u00e9 dans une position ascendante, provoquant un m\u00e9lange d\u2019eau et d\u2019air dans le d\u00e9verseur de l\u2019\u00e9cumeur.<\/li>\n<li>V\u00e9rifier le bouchon de vidange sur le bo\u00eetier du filtre de la pompe.<\/li>\n<li>Inspecter tous les raccords filet\u00e9s pour d\u00e9celer toute fuite due \u00e0 des produits d\u2019\u00e9tanch\u00e9it\u00e9 ou \u00e0 des proc\u00e9dures d\u2019\u00e9tanch\u00e9it\u00e9 inad\u00e9quates.<\/li>\n<li>V\u00e9rifiez le joint coll\u00e9 pour une mauvaise adh\u00e9rence.<\/li>\n<li>V\u00e9rifier toutes les vannes pour d\u00e9celer d\u2019\u00e9ventuelles fuites. Les joints toriques de tige sont un point de fuite d\u2019aspiration commun.<\/li>\n<li>V\u00e9rifiez et assurez-vous qu\u2019il n\u2019y a aucune cavitation dans la pompe.<\/li>\n<li>V\u00e9rifier la pr\u00e9sence de fissures dans le bo\u00eetier de la pompe.<\/li>\n<\/ul>\n<p>[\/et_pb_accordion_item][et_pb_accordion_item title=&#8221;Pourquoi ma pompe ne peut-elle pas se remplir?&#8221; _builder_version=&#8221;4.24.0&#8243; global_colors_info=&#8221;{}&#8221; open=&#8221;off&#8221;]<\/p>\n<ul>\n<li>Pompe aspiration c\u00f4t\u00e9 fuite.<\/li>\n<li>V\u00e9rifiez la conduite d\u2019aspiration pour vous assurer qu\u2019il n\u2019y a pas d\u2019obstruction.<\/li>\n<li>V\u00e9rifier que la roue est toujours fix\u00e9e \u00e0 l\u2019arbre du moteur. Si la roue est tomb\u00e9e, elle doit \u00eatre remplac\u00e9e.<\/li>\n<li>Si la pompe est install\u00e9e \u00e0 une certaine distance de la piscine ou au-dessus du niveau normal du pont, le d\u00e9marrage de la pompe peut prendre plus de temps. Pour les installations a\u00e9riennes, il peut \u00eatre n\u00e9cessaire d\u2019installer un clapet anti-retour sur la conduite d\u2019aspiration pour faciliter l\u2019injection.<\/li>\n<li><\/li>\n<\/ul>\n<p>[\/et_pb_accordion_item][et_pb_accordion_item title=&#8221;Puis-je d\u00e9marrer la pompe sans eau?&#8221; _builder_version=&#8221;4.24.0&#8243; _module_preset=&#8221;default&#8221; global_colors_info=&#8221;{}&#8221; open=&#8221;off&#8221;]<\/p>\n<p>Les pompes de piscine ne doivent pas fonctionner sans eau. Le joint joint de la pompe dans la volute de la pompe (la zone entre le panier filtrant et le moteur de la pompe) prot\u00e8ge le moteur de la pompe de l\u2019eau de la piscine. Cet ensemble d\u2019\u00e9tanch\u00e9it\u00e9 devient chaud et est ensuite refroidi par l\u2019eau de la piscine. Si la pompe fonctionne sans eau, les joints vont surchauffer et fondre, et si la pompe fonctionne sans eau pendant une longue p\u00e9riode, la chaleur g\u00e9n\u00e9r\u00e9e peut endommager le tuyau en PVC et d\u2019autres composants du syst\u00e8me.<\/p>\n<p>[\/et_pb_accordion_item][\/et_pb_accordion][\/et_pb_column][\/et_pb_row][\/et_pb_section]<\/p>\n","protected":false},"excerpt":{"rendered":"<p>soutien Ici, vous pouvez facilement acc\u00e9der \u00e0 des informations sur vos produits JOYBACH pr\u00e9f\u00e9r\u00e9s, y compris des guides de r\u00e9f\u00e9rence rapide, des \u00e9tapes de d\u00e9pannage et des vid\u00e9os de support produit. Vous \u00eates au bon endroit.soutien BROCHURES de produits Recherchez ou parcourez notre catalogue pour toutes les informations sur les produits, images, vid\u00e9os, documents et [&hellip;]<\/p>\n","protected":false},"author":1,"featured_media":0,"parent":0,"menu_order":0,"comment_status":"closed","ping_status":"closed","template":"","meta":{"_et_pb_use_builder":"on","_et_pb_old_content":"","_et_gb_content_width":"","footnotes":""},"difl_page_category":[],"class_list":["post-280903","page","type-page","status-publish","hentry"],"_links":{"self":[{"href":"https:\/\/www.joymann.com\/index.php\/wp-json\/wp\/v2\/pages\/280903"}],"collection":[{"href":"https:\/\/www.joymann.com\/index.php\/wp-json\/wp\/v2\/pages"}],"about":[{"href":"https:\/\/www.joymann.com\/index.php\/wp-json\/wp\/v2\/types\/page"}],"author":[{"embeddable":true,"href":"https:\/\/www.joymann.com\/index.php\/wp-json\/wp\/v2\/users\/1"}],"replies":[{"embeddable":true,"href":"https:\/\/www.joymann.com\/index.php\/wp-json\/wp\/v2\/comments?post=280903"}],"version-history":[{"count":4,"href":"https:\/\/www.joymann.com\/index.php\/wp-json\/wp\/v2\/pages\/280903\/revisions"}],"predecessor-version":[{"id":281377,"href":"https:\/\/www.joymann.com\/index.php\/wp-json\/wp\/v2\/pages\/280903\/revisions\/281377"}],"wp:attachment":[{"href":"https:\/\/www.joymann.com\/index.php\/wp-json\/wp\/v2\/media?parent=280903"}],"wp:term":[{"taxonomy":"difl_page_category","embeddable":true,"href":"https:\/\/www.joymann.com\/index.php\/wp-json\/wp\/v2\/difl_page_category?post=280903"}],"curies":[{"name":"wp","href":"https:\/\/api.w.org\/{rel}","templated":true}]}}