{"id":280751,"date":"2024-02-27T09:57:27","date_gmt":"2024-02-27T01:57:27","guid":{"rendered":"http:\/\/cipu.ceshi19.7-mi.net\/?page_id=280751"},"modified":"2024-04-23T15:55:30","modified_gmt":"2024-04-23T07:55:30","slug":"%e5%be%b7%e6%96%87%e6%94%af%e6%8c%81%e4%b8%ad%e5%bf%83","status":"publish","type":"page","link":"https:\/\/www.joymann.com\/index.php\/de\/%e5%be%b7%e6%96%87%e6%94%af%e6%8c%81%e4%b8%ad%e5%bf%83\/","title":{"rendered":"\u5fb7\u6587\u652f\u6301\u4e2d\u5fc3"},"content":{"rendered":"<p>[et_pb_section fb_built=&#8221;1&#8243; custom_padding_last_edited=&#8221;on|tablet&#8221; next_background_color=&#8221;#edeffa&#8221; admin_label=&#8221;Hero&#8221; _builder_version=&#8221;4.23.4&#8243; use_background_color_gradient=&#8221;on&#8221; background_color_gradient_type=&#8221;circular&#8221; background_color_gradient_direction_radial=&#8221;top right&#8221; background_color_gradient_stops=&#8221;rgba(255,255,255,0) 20%|rgba(1,77,183,0.9) 100%&#8221; background_color_gradient_overlays_image=&#8221;on&#8221; background_color_gradient_start=&#8221;rgba(255,255,255,0)&#8221; background_color_gradient_start_position=&#8221;20%&#8221; background_color_gradient_end=&#8221;rgba(1,77,183,0.9)&#8221; background_image=&#8221;https:\/\/www.joymann.com\/wp-content\/uploads\/2024\/01\/roberto-nickson-h1_ILkb9tLo-unsplash-1.jpg&#8221; custom_padding=&#8221;110px|0px|160px|0px|false|false&#8221; custom_padding_tablet=&#8221;50px||50px||true&#8221; custom_padding_phone=&#8221;|||&#8221; bottom_divider_style=&#8221;asymmetric&#8221; bottom_divider_height=&#8221;50px&#8221; bottom_divider_flip=&#8221;horizontal&#8221; bottom_divider_height_tablet=&#8221;90px&#8221; bottom_divider_height_phone=&#8221;80px&#8221; collapsed=&#8221;on&#8221; global_colors_info=&#8221;{}&#8221;][et_pb_row column_structure=&#8221;2_3,1_3&#8243; _builder_version=&#8221;4.16&#8243; custom_padding=&#8221;|0px||||&#8221; custom_width_px=&#8221;1280px&#8221; global_colors_info=&#8221;{}&#8221;][et_pb_column type=&#8221;2_3&#8243; _builder_version=&#8221;4.16&#8243; custom_padding=&#8221;|||&#8221; global_colors_info=&#8221;{}&#8221; custom_padding__hover=&#8221;|||&#8221;][et_pb_text _builder_version=&#8221;4.24.0&#8243; text_font=&#8221;Montserrat||||||||&#8221; text_text_color=&#8221;rgba(255,255,255,0.7)&#8221; text_font_size=&#8221;20px&#8221; text_line_height=&#8221;1.8em&#8221; header_font=&#8221;Montserrat|700|||||||&#8221; header_font_size=&#8221;44px&#8221; header_line_height=&#8221;1.4em&#8221; header_6_font=&#8221;Montserrat|600||on|||||&#8221; header_6_text_color=&#8221;rgba(255,255,255,0.7)&#8221; header_6_font_size=&#8221;16px&#8221; header_6_letter_spacing=&#8221;2px&#8221; header_6_line_height=&#8221;1.5em&#8221; background_layout=&#8221;dark&#8221; max_width=&#8221;780px&#8221; hover_enabled=&#8221;0&#8243; text_font_size_tablet=&#8221;&#8221; text_font_size_phone=&#8221;15px&#8221; text_font_size_last_edited=&#8221;on|phone&#8221; header_font_size_tablet=&#8221;&#8221; header_font_size_phone=&#8221;28px&#8221; header_font_size_last_edited=&#8221;on|phone&#8221; global_colors_info=&#8221;{}&#8221; sticky_enabled=&#8221;0&#8243;]<\/p>\n<h1>Unterst\u00fctzt.<\/h1>\n<p>Sie k\u00f6nnen sich auf informationen \u00fcber ihre lieblingsprodukte Von JOYBACH einstellen unter anderem eine schnellrecherche-anleitung, einen weg zur absttung Von aufgerufen und ein video im internet. Dann sind sie hier richtig.<\/p>\n<p>[\/et_pb_text][\/et_pb_column][et_pb_column type=&#8221;1_3&#8243; _builder_version=&#8221;4.16&#8243; custom_padding=&#8221;|||&#8221; global_colors_info=&#8221;{}&#8221; custom_padding__hover=&#8221;|||&#8221;][\/et_pb_column][\/et_pb_row][\/et_pb_section][et_pb_section fb_built=&#8221;1&#8243; admin_label=&#8221;Services&#8221; _builder_version=&#8221;4.23.4&#8243; background_color=&#8221;#edeffa&#8221; locked=&#8221;off&#8221; collapsed=&#8221;on&#8221; global_colors_info=&#8221;{}&#8221;][et_pb_row _builder_version=&#8221;4.16&#8243; global_colors_info=&#8221;{}&#8221;][et_pb_column type=&#8221;4_4&#8243; _builder_version=&#8221;4.16&#8243; custom_padding=&#8221;|||&#8221; global_colors_info=&#8221;{}&#8221; custom_padding__hover=&#8221;|||&#8221;][et_pb_text _builder_version=&#8221;4.24.0&#8243; text_font=&#8221;Montserrat||||||||&#8221; text_font_size=&#8221;16px&#8221; text_line_height=&#8221;1.8em&#8221; link_font=&#8221;Montserrat|700|||||||&#8221; link_text_color=&#8221;#fa546d&#8221; link_font_size=&#8221;22px&#8221; link_line_height=&#8221;1.5em&#8221; header_font=&#8221;||||||||&#8221; header_2_font=&#8221;Montserrat|700|||||||&#8221; header_2_font_size=&#8221;40px&#8221; header_2_line_height=&#8221;1.4em&#8221; header_6_font=&#8221;Montserrat|600||on|||||&#8221; header_6_text_color=&#8221;#ffb342&#8243; header_6_font_size=&#8221;16px&#8221; header_6_letter_spacing=&#8221;2px&#8221; header_6_line_height=&#8221;1.5em&#8221; text_orientation=&#8221;center&#8221; max_width=&#8221;700px&#8221; max_width_last_edited=&#8221;off|desktop&#8221; module_alignment=&#8221;center&#8221; custom_margin=&#8221;|||&#8221; custom_padding=&#8221;|||&#8221; header_2_font_size_tablet=&#8221;&#8221; header_2_font_size_phone=&#8221;24px&#8221; header_2_font_size_last_edited=&#8221;on|phone&#8221; global_colors_info=&#8221;{}&#8221;]<\/p>\n<h6>Unterst\u00fctzt.<\/h6>\n<h2>Floyd: katalog.<\/h2>\n<p>Suchen Oder st\u00f6bern sie in unseren katalogen nach allen produkten, bildern, videos, dateien und zum herunterladen.<\/p>\n<p>[\/et_pb_text][difl_advancedtab tab_animation=&#8221;slide_left&#8221; content_container_bgcolor=&#8221;RGBA(255,255,255,0)&#8221; nav_container_bgcolor=&#8221;RGBA(255,255,255,0)&#8221; use_sticky_nav=&#8221;off&#8221; use_nav_width=&#8221;off&#8221; nav_align=&#8221;flex_center&#8221; nav_item_bgcolor=&#8221;#ffffff&#8221; nav_item_color_gradient_1=&#8221;#0C71C3&#8243; nav_item_color_gradient_2=&#8221;#0C71C3&#8243; nav_item_gradient_direction=&#8221;0deg&#8221; nav_item_background_image_size=&#8221;custom&#8221; nav_item_size_width=&#8221;100%&#8221; nav_item_size_height=&#8221;100%&#8221; nav_item_background_image_position=&#8221;top_center&#8221; nav_item_active_bgcolor=&#8221;#0C71C3&#8243; nav_item_active_color_gradient_1=&#8221;#95A611&#8243; nav_item_active_color_gradient_2=&#8221;#95A611&#8243; nav_item_active_background_image_size=&#8221;custom&#8221; nav_item_active_size_width=&#8221;100%&#8221; nav_item_active_size_height=&#8221;100%&#8221; nav_item_active_background_image_position=&#8221;top_center&#8221; icon_color_active=&#8221;#FFFFFF&#8221; icon_size=&#8221;48px&#8221; image_size=&#8221;48px&#8221; image_size_active=&#8221;48px&#8221; icon_align=&#8221;center&#8221; use_active_arrow=&#8221;off&#8221; at_content_wrapper_margin=&#8221;10px|0px|10px|0px|true|false&#8221; at_content_wrapper_margin_tablet=&#8221;18px||18px||true|false&#8221; at_content_wrapper_margin_phone=&#8221;16px||16px||true|false&#8221; at_content_wrapper_margin_last_edited=&#8221;on|desktop&#8221; at_content_wrapper_padding=&#8221;10px|0px||0px|false|false&#8221; at_content_wrapper_padding_tablet=&#8221;&#8221; at_content_wrapper_padding_phone=&#8221;0px|0px||0px|false|true&#8221; at_content_wrapper_padding_last_edited=&#8221;on|desktop&#8221; image_wrapper_margin=&#8221;0px|||0px|false|false&#8221; image_wrapper_padding=&#8221;0px|||0px|false|false&#8221; nav_item_margin=&#8221;|10px||10px|false|true&#8221; nav_item_margin_tablet=&#8221;|0px|15px|0px|false|true&#8221; nav_item_margin_phone=&#8221;|0px|15px|0px|false|true&#8221; nav_item_margin_last_edited=&#8221;on|desktop&#8221; nav_item_padding=&#8221;30px||30px||true|false&#8221; nav_item_padding_tablet=&#8221;25px||25px||true|false&#8221; nav_item_padding_phone=&#8221;15px||15px||true|false&#8221; nav_item_padding_last_edited=&#8221;on|desktop&#8221; nav_item_first_margin=&#8221;|||0px|false|false&#8221; nav_item_last_margin=&#8221;|0px|||false|false&#8221; content_margin=&#8221;0px|0px||0px|false|false&#8221; content_padding=&#8221;0px|20px|0px|20px|true|true&#8221; content_padding_tablet=&#8221;30px|30px|30px|30px|true|true&#8221; content_padding_phone=&#8221;20px|20px|20px|20px|true|true&#8221; content_padding_last_edited=&#8221;on|phone&#8221; nav_title_margin=&#8221;||15px||false|false&#8221; image_size_tablet=&#8221;44px&#8221; image_size_phone=&#8221;40px&#8221; image_size_last_edited=&#8221;on|desktop&#8221; image_size_active_tablet=&#8221;44px&#8221; image_size_active_phone=&#8221;40px&#8221; image_size_active_last_edited=&#8221;on|desktop&#8221; _builder_version=&#8221;4.24.0&#8243; _module_preset=&#8221;default&#8221; title_font=&#8221;Lato|700|||||||&#8221; title_text_align=&#8221;center&#8221; title_text_color=&#8221;#2ea3f2&#8243; title_font_size=&#8221;20px&#8221; title_line_height=&#8221;28px&#8221; title_active_font=&#8221;Lato|700|||||||&#8221; title_active_text_align=&#8221;center&#8221; title_active_text_color=&#8221;#FFFFFF&#8221; title_active_font_size=&#8221;20px&#8221; title_active_line_height=&#8221;28px&#8221; width=&#8221;100%&#8221; max_width=&#8221;1920%&#8221; module_alignment=&#8221;center&#8221; title_font_size_tablet=&#8221;19px&#8221; title_font_size_phone=&#8221;18px&#8221; title_font_size_last_edited=&#8221;on|tablet&#8221; title_line_height_tablet=&#8221;27px&#8221; title_line_height_phone=&#8221;26px&#8221; title_line_height_last_edited=&#8221;on|desktop&#8221; title_active_font_size_tablet=&#8221;19px&#8221; title_active_font_size_phone=&#8221;18px&#8221; title_active_font_size_last_edited=&#8221;on|desktop&#8221; title_active_line_height_tablet=&#8221;27px&#8221; title_active_line_height_phone=&#8221;26px&#8221; title_active_line_height_last_edited=&#8221;on|desktop&#8221; border_radii_nav_item=&#8221;on|10px|10px|10px|10px&#8221; border_width_top_nav_item=&#8221;10px&#8221; border_color_top_nav_item=&#8221;#2ea3f2&#8243; border_radii_nav_item_active=&#8221;on|10px|10px|10px|10px&#8221; border_width_top_nav_item_active=&#8221;10px&#8221; border_color_top_nav_item_active=&#8221;#0C71C3&#8243; global_colors_info=&#8221;{}&#8221; nav_item_color_gradient_1__hover_enabled=&#8221;on|hover&#8221; nav_item_color_gradient_1__hover=&#8221;#95a611&#8243; nav_item_color_gradient_2__hover_enabled=&#8221;on|desktop&#8221; nav_item_color_gradient_2__hover=&#8221;#95A611&#8243; nav_item_size_width__hover_enabled=&#8221;on|hover&#8221; nav_item_size_height__hover_enabled=&#8221;on|desktop&#8221; nav_item_size_width__hover=&#8221;100%&#8221; nav_item_size_height__hover=&#8221;100%&#8221; border_color_top_nav_item__hover_enabled=&#8221;on|hover&#8221; border_color_top_nav_item__hover=&#8221;#0C71C3&#8243; nav_container_bgcolor__hover_enabled=&#8221;on|desktop&#8221; nav_container_bgcolor__hover=&#8221;RGBA(255,255,255,0)&#8221; icon_color__hover_enabled=&#8221;on|desktop&#8221; border_color_top_nav_item_active__hover_enabled=&#8221;on|hover&#8221; border_color_top_nav_item_active__hover=&#8221;#0C71C3&#8243;][difl_advancedtabitem title=&#8221;Handbuch zum filter&#8221; content_type=&#8221;library&#8221; library_item=&#8221;280764&#8243; use_icon=&#8221;on&#8221; font_icon=&#8221;&#xf02d;||fa||900&#8243; icon_color=&#8221;#FFFFFF&#8221; at_button_button_url_new_window=&#8221;1&#8243; button_align=&#8221;left&#8221; text_area_bgcolor=&#8221;#FFFFFF&#8221; button_bgcolor=&#8221;#000000&#8243; _builder_version=&#8221;4.24.0&#8243; _module_preset=&#8221;default&#8221; title_text_align=&#8221;center&#8221; background_color=&#8221;#FFFFFF&#8221; background_enable_color=&#8221;on&#8221; max_width=&#8221;1180px&#8221; custom_margin=&#8221;||0px||false|false&#8221; border_radii=&#8221;on|15px|15px|15px|15px&#8221; global_colors_info=&#8221;{}&#8221;][\/difl_advancedtabitem][difl_advancedtabitem title=&#8221;Aus dem handbuch f\u00fcr pumpe.&#8221; content_type=&#8221;library&#8221; library_item=&#8221;280758&#8243; use_icon=&#8221;on&#8221; font_icon=&#8221;&#xf02d;||fa||900&#8243; at_button_button_url_new_window=&#8221;1&#8243; _builder_version=&#8221;4.24.0&#8243; _module_preset=&#8221;default&#8221; background_color=&#8221;#FFFFFF&#8221; background_enable_color=&#8221;on&#8221; max_width=&#8221;1180%&#8221; module_alignment=&#8221;center&#8221; custom_margin=&#8221;||0px||false|false&#8221; border_radii=&#8221;on|10px|10px|10px|10px&#8221; global_colors_info=&#8221;{}&#8221;][\/difl_advancedtabitem][difl_advancedtabitem title=&#8221;Aus anderen handb\u00fccher.&#8221; content_type=&#8221;library&#8221; library_item=&#8221;280757&#8243; use_icon=&#8221;on&#8221; font_icon=&#8221;&#xf02d;||fa||900&#8243; at_button_button_url_new_window=&#8221;1&#8243; _builder_version=&#8221;4.24.0&#8243; _module_preset=&#8221;default&#8221; background_color=&#8221;#FFFFFF&#8221; background_enable_color=&#8221;on&#8221; max_width=&#8221;1180%&#8221; module_alignment=&#8221;center&#8221; custom_margin=&#8221;||0px||false|false&#8221; border_radii=&#8221;on|10px|10px|10px|10px&#8221; global_colors_info=&#8221;{}&#8221;]<\/p>\n<p>111<\/p>\n<p>[\/difl_advancedtabitem][\/difl_advancedtab][\/et_pb_column][\/et_pb_row][\/et_pb_section][et_pb_section fb_built=&#8221;1&#8243; admin_label=&#8221;FAQ&#8221; _builder_version=&#8221;4.16&#8243; background_color=&#8221;#0c4a7c&#8221; module_alignment=&#8221;right&#8221; custom_padding=&#8221;60px|0px|60px|0px|true|false&#8221; collapsed=&#8221;on&#8221; global_colors_info=&#8221;{}&#8221;][et_pb_row _builder_version=&#8221;4.16&#8243; global_colors_info=&#8221;{}&#8221;][et_pb_column type=&#8221;4_4&#8243; _builder_version=&#8221;4.16&#8243; custom_padding=&#8221;|||&#8221; global_colors_info=&#8221;{}&#8221; custom_padding__hover=&#8221;|||&#8221;][et_pb_text module_id=&#8221;faq&#8221; _builder_version=&#8221;4.24.0&#8243; text_font=&#8221;Montserrat||||||||&#8221; text_text_color=&#8221;#FFFFFF&#8221; text_font_size=&#8221;16px&#8221; text_line_height=&#8221;1.8em&#8221; link_font=&#8221;Montserrat|700|||||||&#8221; link_text_color=&#8221;#fa546d&#8221; link_font_size=&#8221;22px&#8221; link_line_height=&#8221;1.5em&#8221; header_font=&#8221;||||||||&#8221; header_2_font=&#8221;Montserrat|700|||||||&#8221; header_2_font_size=&#8221;40px&#8221; header_2_line_height=&#8221;1.4em&#8221; header_6_font=&#8221;Montserrat|600||on|||||&#8221; header_6_text_color=&#8221;#FFFFFF&#8221; header_6_font_size=&#8221;16px&#8221; header_6_letter_spacing=&#8221;2px&#8221; header_6_line_height=&#8221;1.5em&#8221; text_orientation=&#8221;center&#8221; background_layout=&#8221;dark&#8221; max_width=&#8221;100%&#8221; max_width_last_edited=&#8221;off|desktop&#8221; module_alignment=&#8221;left&#8221; custom_margin=&#8221;|||&#8221; custom_padding=&#8221;|||&#8221; header_2_font_size_tablet=&#8221;&#8221; header_2_font_size_phone=&#8221;24px&#8221; header_2_font_size_last_edited=&#8221;on|phone&#8221; locked=&#8221;off&#8221; global_colors_info=&#8221;{}&#8221;]<\/p>\n<h6>Sie arbeiten in gro\u00dfen Mengen.<\/h6>\n<h2>FRAGEN &amp; ANTWORTEN.<\/h2>\n<p>[\/et_pb_text][et_pb_accordion open_toggle_text_color=&#8221;#000000&#8243; closed_toggle_text_color=&#8221;rgba(0,0,0,0.7)&#8221; closed_toggle_background_color=&#8221;#ffffff&#8221; icon_color=&#8221;rgba(0,0,0,0.3)&#8221; _builder_version=&#8221;4.24.0&#8243; toggle_font=&#8221;Montserrat||||||||&#8221; toggle_font_size=&#8221;16px&#8221; toggle_line_height=&#8221;1.5em&#8221; body_font=&#8221;Montserrat||||||||&#8221; body_line_height=&#8221;2em&#8221; custom_margin=&#8221;|||&#8221; custom_padding=&#8221;|10px||10px|false|true&#8221; border_radii=&#8221;on|6px|6px|6px|6px&#8221; border_width_all=&#8221;0px&#8221; global_colors_info=&#8221;{}&#8221;][et_pb_accordion_item title=&#8221;Die pumpe ist hei\u00df und die batterie ist alle.&#8221; open=&#8221;on&#8221; _builder_version=&#8221;4.24.0&#8243; global_colors_info=&#8221;{}&#8221;]<\/p>\n<ul>\n<li data-immersive-translate-walked=\"b8dbd4f5-0911-4276-a758-3d87a934b2d0\" data-immersive-translate-paragraph=\"1\">Dies kann auf geringe gr\u00f6\u00dfe des ger\u00e4tes Oder auf eine fehlerhafte verbindung zur\u00fcckzuf\u00fchren sein. \u00dcberpr\u00fcfe die nutzer-handb\u00fccher, um die korrekte verbindung sicherzustellen<\/li>\n<li>Lokale stromkonzerne werden wahrscheinlich blackouts haben, besonders w\u00e4hrend der hitzewelle. Als es kalt wurde, lief die pumpe wieder an, um sicherzustellen, dass der motor nicht defekt war.<\/li>\n<li>Ihre pumpe ist \u00fcberladen, und wenn es dann zu hei\u00df wird, wird es anspringen, sobald es abk\u00fchlt. \u00dcberpr\u00fcfe den lufteinlass des generals und stelle sicher, dass nichts abgekriegt wird. Falls die schuften ihre l\u00fcftungssch\u00e4chte stopfen, wird der motor ge\u00fcberhitzt und vielleicht geschlossen.<\/li>\n<li>Stellen sie sicher, dass ihre pumpen in einem gebiet mit gen\u00fcgend drainage sind. Regenwasser und \u00fcberflutungen anderer quellen k\u00f6nnen die pumpen \u00fcberlaufen und abgeschnitten werden.<\/li>\n<\/ul>\n<p>[\/et_pb_accordion_item][et_pb_accordion_item title=&#8221;Warum rauschen meine pumpen?&#8221; _builder_version=&#8221;4.24.0&#8243; global_colors_info=&#8221;{}&#8221; open=&#8221;off&#8221;]<\/p>\n<ul>\n<li>Im inneren des motors gibt es einen akustischen k\u00fchlungsventilator. Die position dieser pumpen ist sorgf\u00e4ltig zu ber\u00fccksichtigen; Unter dem schlafzimmerfenster ist es vielleicht nicht die ideale position.<\/li>\n<li>Vibrationen am pumpenfu\u00df und am sockel (wo die pumpen liegen) f\u00fchren zum l\u00e4rm der pumpen. Ein alter teppich Oder gummi zwischen zapfsockel und matratze des ger\u00e4ts kann den l\u00e4rm mindern.<\/li>\n<li>Vergewissern sie sich, dass die pumpe horizontal ist und der inhalationsschacht nicht h\u00f6her ist als die pumpe.<\/li>\n<li>Die lager k\u00f6nnen l\u00e4rm erzeugen, wenn sie \u00e4lter werden Oder hohe konzentrationen an chemikalien und hitze aufweisen. Durch die dichtung konnten die werkzeuglager besch\u00e4digt werden. Sofort wieder an alle lecks um die pumpe zu pumpen, um gro\u00dffl\u00e4chige sch\u00e4den zu verhindern. Erlauben sie, die lager zu wechseln Oder den motor zu ersetzen. Bitte nehmen sie kontakt zu ihrem autorisierten h\u00e4ndler zur reparatur auf.<\/li>\n<li data-immersive-translate-walked=\"01dd3102-6c26-4c94-a6b4-db8f51956223\" data-immersive-translate-paragraph=\"1\">Meistens kommt der l\u00e4rm einer pumpe aus dem leeren raum. Dehydrierung l\u00e4sst sich aus zwei gr\u00fcnden erkl\u00e4ren, die beide mit wasser (wasser) zusammenh\u00e4ngen. Erstens, dass die inhalieren zu klein ist. Ist das rohr zu klein, brauchen die pumpen weniger wasser, damit es funktioniert. Die gr\u00f6\u00dfe eines rohrschachts (erh\u00f6hung des wasserdurchflusses) Oder die gr\u00f6\u00dfe eines abtrennrades (absenken der durchflussraten) kann dazu beitragen, dass die pumpen ruhig gestellt werden. Die zweite ist zu wenig Oder zu wenig druck auf der seite des systems (wie pumpe ein gutes beispiel daf\u00fcr ist). Ich empfehle ventil und ventil hinzuf\u00fcgen um den r\u00fcckendruck zu erh\u00f6hen.<\/li>\n<li data-immersive-translate-walked=\"b8dbd4f5-0911-4276-a758-3d87a934b2d0\" data-immersive-translate-paragraph=\"1\"><\/li>\n<\/ul>\n<p>[\/et_pb_accordion_item][et_pb_accordion_item title=&#8221;Warum flie\u00dfen blasen vom gyroskop in den pool?&#8221; _builder_version=&#8221;4.24.0&#8243; global_colors_info=&#8221;{}&#8221; open=&#8221;off&#8221;]<\/p>\n<ul>\n<li>Leitet die luft in den pool zur\u00fcck, kann es ein leck an der einpumpe geben. \u00dcberpr\u00fcfen sie die folgenden dinge, die zu lufteinlass in ihr system f\u00fchren k\u00f6nnen: sie m\u00fcssen m\u00f6glicherweise mit ihrem lieferanten f\u00fcr die reparatur telefonieren.<\/li>\n<li>Filter und 0-kreise. Wenn sie lockerer ist, wird sie Enger. Bei sch\u00e4den wechseln sie bitte die dichtungsringe.<\/li>\n<li>Das wasser im teich war so niedrig, dass man wasser mit luft in einem beh\u00e4lter mischte.<\/li>\n<li>Luftverteidigungsrohre k\u00f6nnen in einer h\u00f6he ersticken und luft und wasser vermischen.<\/li>\n<li>\u00dcberpr\u00fcfe den abfluss am rohrfilter.<\/li>\n<li>\u00dcberpr\u00fcft, ob alle verbindungen mit unbenutzten verschl\u00fcssen undicht sind.<\/li>\n<li>Pr\u00fcft, ob das klebeband klemmt.<\/li>\n<li>W\u00fcrde es jedes ventil lecken? Die \u00fcbliche einspritzstelle ist ein o r\u00f6hrchen.<\/li>\n<li>Leere pumpen werden untersucht und best\u00e4tigt.<\/li>\n<li>Pr\u00fcft, ob im pumpe risse sind.<\/li>\n<\/ul>\n<p>[\/et_pb_accordion_item][et_pb_accordion_item title=&#8221;Was ist mit meiner pumpe?&#8221; _builder_version=&#8221;4.24.0&#8243; global_colors_info=&#8221;{}&#8221; open=&#8221;off&#8221;]<\/p>\n<ul>\n<li>Es gibt ein seitenleck in der pumpe.<\/li>\n<li>Pr\u00fcft die inhalierrohre, um sicherzustellen, dass sie nicht verstopft sind.<\/li>\n<li>Pr\u00fcft, ob die fl\u00fcgel noch an die motorwelle h\u00e4ngt. Wenn die ventile abfallen, muss sie gewechselt werden.<\/li>\n<li>Sind die pumpen \u00fcber einen gewissen zeitraum vom pool installiert Oder liegen sie \u00fcber dem normalen deck, kann es dauern, bis sie wieder Laufen. Bei installationen in den leitungen kann es n\u00f6tig sein, ein ausstiegsventil zu eingebaut zu haben, um d\u00fcsen zu erleichtern.<\/li>\n<li><\/li>\n<\/ul>\n<p>[\/et_pb_accordion_item][et_pb_accordion_item title=&#8221;Kann ich die pumpe anlassen, ohne wasser zu haben?&#8221; _builder_version=&#8221;4.24.0&#8243; _module_preset=&#8221;default&#8221; global_colors_info=&#8221;{}&#8221; open=&#8221;off&#8221;]<\/p>\n<p>Die pumpen d\u00fcrfen nicht ohne wasser funktionieren. Die luftschleusen der pumpen (ein teil zwischen dem filterkorb und dem pumpe) sch\u00fctzen den poolmotor. Die luftschleuse wird hei\u00df und dann abk\u00fchlt. L\u00e4uft eine pumpe in wasserloser form, erhitzt sich das luftdicht. Und wenn die pumpe zu lange wasserfrei ist, kann die hitze des PVC und anderer bauelemente besch\u00e4digen.<\/p>\n<p>[\/et_pb_accordion_item][\/et_pb_accordion][\/et_pb_column][\/et_pb_row][\/et_pb_section]<\/p>\n","protected":false},"excerpt":{"rendered":"<p>Unterst\u00fctzt. Sie k\u00f6nnen sich auf informationen \u00fcber ihre lieblingsprodukte Von JOYBACH einstellen unter anderem eine schnellrecherche-anleitung, einen weg zur absttung Von aufgerufen und ein video im internet. Dann sind sie hier richtig.Unterst\u00fctzt. Floyd: katalog. Suchen Oder st\u00f6bern sie in unseren katalogen nach allen produkten, bildern, videos, dateien und zum herunterladen.<div class=\"et_pb_module difl_advancedtab difl_advancedtab_0\">\n\t\t\t\t\n\t\t\t\t\n\t\t\t\t\n\t\t\t\t\n\t\t\t\t\n\t\t\t\t\n\t\t\t\t<div class=\"et_pb_module_inner\">\n\t\t\t\t\t<h2 style=\"background:#eee; padding: 10px 20px;\">Please <strong>Add New Tab Item.<\/strong><\/h2>\n\t\t\t\t<\/div>\n\t\t\t<\/div><\/p>\n","protected":false},"author":1,"featured_media":0,"parent":0,"menu_order":0,"comment_status":"closed","ping_status":"closed","template":"","meta":{"_et_pb_use_builder":"on","_et_pb_old_content":"","_et_gb_content_width":"","footnotes":""},"difl_page_category":[],"class_list":["post-280751","page","type-page","status-publish","hentry"],"_links":{"self":[{"href":"https:\/\/www.joymann.com\/index.php\/wp-json\/wp\/v2\/pages\/280751"}],"collection":[{"href":"https:\/\/www.joymann.com\/index.php\/wp-json\/wp\/v2\/pages"}],"about":[{"href":"https:\/\/www.joymann.com\/index.php\/wp-json\/wp\/v2\/types\/page"}],"author":[{"embeddable":true,"href":"https:\/\/www.joymann.com\/index.php\/wp-json\/wp\/v2\/users\/1"}],"replies":[{"embeddable":true,"href":"https:\/\/www.joymann.com\/index.php\/wp-json\/wp\/v2\/comments?post=280751"}],"version-history":[{"count":5,"href":"https:\/\/www.joymann.com\/index.php\/wp-json\/wp\/v2\/pages\/280751\/revisions"}],"predecessor-version":[{"id":281349,"href":"https:\/\/www.joymann.com\/index.php\/wp-json\/wp\/v2\/pages\/280751\/revisions\/281349"}],"wp:attachment":[{"href":"https:\/\/www.joymann.com\/index.php\/wp-json\/wp\/v2\/media?parent=280751"}],"wp:term":[{"taxonomy":"difl_page_category","embeddable":true,"href":"https:\/\/www.joymann.com\/index.php\/wp-json\/wp\/v2\/difl_page_category?post=280751"}],"curies":[{"name":"wp","href":"https:\/\/api.w.org\/{rel}","templated":true}]}}