{"id":280391,"date":"2024-02-19T10:42:16","date_gmt":"2024-02-19T02:42:16","guid":{"rendered":"http:\/\/cipu.ceshi19.7-mi.net\/?page_id=280391"},"modified":"2024-04-23T14:10:25","modified_gmt":"2024-04-23T06:10:25","slug":"%e8%a5%bf%e7%8f%ad%e7%89%99-%e6%94%af%e6%8c%81%e4%b8%ad%e5%bf%83","status":"publish","type":"page","link":"https:\/\/www.joymann.com\/index.php\/es\/%e8%a5%bf%e7%8f%ad%e7%89%99-%e6%94%af%e6%8c%81%e4%b8%ad%e5%bf%83\/","title":{"rendered":"\u897f\u73ed\u7259-\u652f\u6301\u4e2d\u5fc3"},"content":{"rendered":"<p>[et_pb_section fb_built=&#8221;1&#8243; custom_padding_last_edited=&#8221;on|tablet&#8221; next_background_color=&#8221;#edeffa&#8221; admin_label=&#8221;Hero&#8221; _builder_version=&#8221;4.23.4&#8243; use_background_color_gradient=&#8221;on&#8221; background_color_gradient_type=&#8221;circular&#8221; background_color_gradient_direction_radial=&#8221;top right&#8221; background_color_gradient_stops=&#8221;rgba(255,255,255,0) 20%|rgba(1,77,183,0.9) 100%&#8221; background_color_gradient_overlays_image=&#8221;on&#8221; background_color_gradient_start=&#8221;rgba(255,255,255,0)&#8221; background_color_gradient_start_position=&#8221;20%&#8221; background_color_gradient_end=&#8221;rgba(1,77,183,0.9)&#8221; background_image=&#8221;https:\/\/www.joymann.com\/wp-content\/uploads\/2024\/01\/roberto-nickson-h1_ILkb9tLo-unsplash-1.jpg&#8221; custom_padding=&#8221;110px|0px|160px|0px|false|false&#8221; custom_padding_tablet=&#8221;50px||50px||true&#8221; custom_padding_phone=&#8221;|||&#8221; bottom_divider_style=&#8221;asymmetric&#8221; bottom_divider_height=&#8221;50px&#8221; bottom_divider_flip=&#8221;horizontal&#8221; bottom_divider_height_tablet=&#8221;90px&#8221; bottom_divider_height_phone=&#8221;80px&#8221; collapsed=&#8221;on&#8221; global_colors_info=&#8221;{}&#8221;][et_pb_row column_structure=&#8221;2_3,1_3&#8243; _builder_version=&#8221;4.16&#8243; custom_width_px=&#8221;1280px&#8221; global_colors_info=&#8221;{}&#8221;][et_pb_column type=&#8221;2_3&#8243; _builder_version=&#8221;4.16&#8243; custom_padding=&#8221;|||&#8221; global_colors_info=&#8221;{}&#8221; custom_padding__hover=&#8221;|||&#8221;][et_pb_text _builder_version=&#8221;4.24.0&#8243; text_font=&#8221;Montserrat||||||||&#8221; text_text_color=&#8221;rgba(255,255,255,0.7)&#8221; text_font_size=&#8221;20px&#8221; text_line_height=&#8221;1.8em&#8221; header_font=&#8221;Montserrat|700|||||||&#8221; header_font_size=&#8221;44px&#8221; header_line_height=&#8221;1.4em&#8221; header_6_font=&#8221;Montserrat|600||on|||||&#8221; header_6_text_color=&#8221;rgba(255,255,255,0.7)&#8221; header_6_font_size=&#8221;16px&#8221; header_6_letter_spacing=&#8221;2px&#8221; header_6_line_height=&#8221;1.5em&#8221; background_layout=&#8221;dark&#8221; max_width=&#8221;948px&#8221; hover_enabled=&#8221;0&#8243; text_font_size_tablet=&#8221;&#8221; text_font_size_phone=&#8221;15px&#8221; text_font_size_last_edited=&#8221;on|phone&#8221; header_font_size_tablet=&#8221;&#8221; header_font_size_phone=&#8221;28px&#8221; header_font_size_last_edited=&#8221;on|phone&#8221; global_colors_info=&#8221;{}&#8221; sticky_enabled=&#8221;0&#8243;]<\/p>\n<h1>Soporte t\u00e9cnico<\/h1>\n<p>Aqu\u00ed puede acceder f\u00e1cilmente a informaci\u00f3n sobre sus productos JOYBACH favoritos, incluyendo gu\u00edas de referencia r\u00e1pida, pasos de soluci\u00f3n de problemas y v\u00eddeos de soporte de productos. Has venido al lugar correcto.[\/et_pb_text][\/et_pb_column][et_pb_column type=&#8221;1_3&#8243; _builder_version=&#8221;4.16&#8243; custom_padding=&#8221;|||&#8221; global_colors_info=&#8221;{}&#8221; custom_padding__hover=&#8221;|||&#8221;][\/et_pb_column][\/et_pb_row][\/et_pb_section][et_pb_section fb_built=&#8221;1&#8243; admin_label=&#8221;Services&#8221; _builder_version=&#8221;4.23.4&#8243; background_color=&#8221;#edeffa&#8221; locked=&#8221;off&#8221; collapsed=&#8221;on&#8221; global_colors_info=&#8221;{}&#8221;][et_pb_row _builder_version=&#8221;4.16&#8243; global_colors_info=&#8221;{}&#8221;][et_pb_column type=&#8221;4_4&#8243; _builder_version=&#8221;4.16&#8243; custom_padding=&#8221;|||&#8221; global_colors_info=&#8221;{}&#8221; custom_padding__hover=&#8221;|||&#8221;][et_pb_text _builder_version=&#8221;4.24.0&#8243; text_font=&#8221;Montserrat||||||||&#8221; text_font_size=&#8221;16px&#8221; text_line_height=&#8221;1.8em&#8221; link_font=&#8221;Montserrat|700|||||||&#8221; link_text_color=&#8221;#fa546d&#8221; link_font_size=&#8221;22px&#8221; link_line_height=&#8221;1.5em&#8221; header_font=&#8221;||||||||&#8221; header_2_font=&#8221;Montserrat|700|||||||&#8221; header_2_font_size=&#8221;40px&#8221; header_2_line_height=&#8221;1.4em&#8221; header_6_font=&#8221;Montserrat|600||on|||||&#8221; header_6_text_color=&#8221;#ffb342&#8243; header_6_font_size=&#8221;16px&#8221; header_6_letter_spacing=&#8221;2px&#8221; header_6_line_height=&#8221;1.5em&#8221; text_orientation=&#8221;center&#8221; max_width=&#8221;700px&#8221; max_width_last_edited=&#8221;off|desktop&#8221; module_alignment=&#8221;center&#8221; custom_margin=&#8221;|||&#8221; custom_padding=&#8221;|||&#8221; header_2_font_size_tablet=&#8221;&#8221; header_2_font_size_phone=&#8221;24px&#8221; header_2_font_size_last_edited=&#8221;on|phone&#8221; global_colors_info=&#8221;{}&#8221;]<\/p>\n<h6>Soporte t\u00e9cnico<\/h6>\n<h2>Folletos de productos<\/h2>\n<p>Busque o consulte nuestro cat\u00e1logo para toda la informaci\u00f3n de productos, im\u00e1genes, v\u00eddeos, documentos y descargas.<\/p>\n<p>[\/et_pb_text][difl_advancedtab tab_animation=&#8221;slide_left&#8221; content_container_bgcolor=&#8221;RGBA(255,255,255,0)&#8221; nav_container_bgcolor=&#8221;RGBA(255,255,255,0)&#8221; use_sticky_nav=&#8221;off&#8221; use_nav_width=&#8221;off&#8221; nav_align=&#8221;flex_center&#8221; nav_item_bgcolor=&#8221;#ffffff&#8221; nav_item_color_gradient_1=&#8221;#0C71C3&#8243; nav_item_color_gradient_2=&#8221;#0C71C3&#8243; nav_item_gradient_direction=&#8221;0deg&#8221; nav_item_background_image_size=&#8221;custom&#8221; nav_item_size_width=&#8221;100%&#8221; nav_item_size_height=&#8221;100%&#8221; nav_item_background_image_position=&#8221;top_center&#8221; nav_item_active_bgcolor=&#8221;#0C71C3&#8243; nav_item_active_color_gradient_1=&#8221;#95A611&#8243; nav_item_active_color_gradient_2=&#8221;#95A611&#8243; nav_item_active_background_image_size=&#8221;custom&#8221; nav_item_active_size_width=&#8221;100%&#8221; nav_item_active_size_height=&#8221;100%&#8221; nav_item_active_background_image_position=&#8221;top_center&#8221; icon_color_active=&#8221;#FFFFFF&#8221; icon_size=&#8221;48px&#8221; image_size=&#8221;48px&#8221; image_size_active=&#8221;48px&#8221; icon_align=&#8221;center&#8221; use_active_arrow=&#8221;off&#8221; at_content_wrapper_margin=&#8221;10px|0px|10px|0px|true|false&#8221; at_content_wrapper_margin_tablet=&#8221;18px||18px||true|false&#8221; at_content_wrapper_margin_phone=&#8221;16px||16px||true|false&#8221; at_content_wrapper_margin_last_edited=&#8221;on|desktop&#8221; at_content_wrapper_padding=&#8221;10px|0px||0px|false|false&#8221; at_content_wrapper_padding_tablet=&#8221;&#8221; at_content_wrapper_padding_phone=&#8221;0px|0px||0px|false|true&#8221; at_content_wrapper_padding_last_edited=&#8221;on|desktop&#8221; image_wrapper_margin=&#8221;0px|||0px|false|false&#8221; image_wrapper_padding=&#8221;0px|||0px|false|false&#8221; nav_item_margin=&#8221;|10px||10px|false|true&#8221; nav_item_margin_tablet=&#8221;|0px|15px|0px|false|true&#8221; nav_item_margin_phone=&#8221;|0px|15px|0px|false|true&#8221; nav_item_margin_last_edited=&#8221;on|desktop&#8221; nav_item_padding=&#8221;30px||30px||true|false&#8221; nav_item_padding_tablet=&#8221;25px||25px||true|false&#8221; nav_item_padding_phone=&#8221;15px||15px||true|false&#8221; nav_item_padding_last_edited=&#8221;on|desktop&#8221; nav_item_first_margin=&#8221;|||0px|false|false&#8221; nav_item_last_margin=&#8221;|0px|||false|false&#8221; content_margin=&#8221;0px|0px||0px|false|false&#8221; content_padding=&#8221;0px|20px|0px|20px|true|true&#8221; content_padding_tablet=&#8221;30px|30px|30px|30px|true|true&#8221; content_padding_phone=&#8221;20px|20px|20px|20px|true|true&#8221; content_padding_last_edited=&#8221;on|phone&#8221; nav_title_margin=&#8221;||15px||false|false&#8221; image_size_tablet=&#8221;44px&#8221; image_size_phone=&#8221;40px&#8221; image_size_last_edited=&#8221;on|desktop&#8221; image_size_active_tablet=&#8221;44px&#8221; image_size_active_phone=&#8221;40px&#8221; image_size_active_last_edited=&#8221;on|desktop&#8221; _builder_version=&#8221;4.24.0&#8243; _module_preset=&#8221;default&#8221; title_font=&#8221;Lato|700|||||||&#8221; title_text_align=&#8221;center&#8221; title_text_color=&#8221;#2ea3f2&#8243; title_font_size=&#8221;20px&#8221; title_line_height=&#8221;28px&#8221; title_active_font=&#8221;Lato|700|||||||&#8221; title_active_text_align=&#8221;center&#8221; title_active_text_color=&#8221;#FFFFFF&#8221; title_active_font_size=&#8221;20px&#8221; title_active_line_height=&#8221;28px&#8221; width=&#8221;100%&#8221; max_width=&#8221;1920%&#8221; module_alignment=&#8221;center&#8221; title_font_size_tablet=&#8221;19px&#8221; title_font_size_phone=&#8221;18px&#8221; title_font_size_last_edited=&#8221;on|tablet&#8221; title_line_height_tablet=&#8221;27px&#8221; title_line_height_phone=&#8221;26px&#8221; title_line_height_last_edited=&#8221;on|desktop&#8221; title_active_font_size_tablet=&#8221;19px&#8221; title_active_font_size_phone=&#8221;18px&#8221; title_active_font_size_last_edited=&#8221;on|desktop&#8221; title_active_line_height_tablet=&#8221;27px&#8221; title_active_line_height_phone=&#8221;26px&#8221; title_active_line_height_last_edited=&#8221;on|desktop&#8221; border_radii_nav_item=&#8221;on|10px|10px|10px|10px&#8221; border_width_top_nav_item=&#8221;10px&#8221; border_color_top_nav_item=&#8221;#2ea3f2&#8243; border_radii_nav_item_active=&#8221;on|10px|10px|10px|10px&#8221; border_width_top_nav_item_active=&#8221;10px&#8221; border_color_top_nav_item_active=&#8221;#0C71C3&#8243; global_colors_info=&#8221;{}&#8221; nav_item_color_gradient_1__hover_enabled=&#8221;on|hover&#8221; nav_item_color_gradient_1__hover=&#8221;#95a611&#8243; nav_item_color_gradient_2__hover_enabled=&#8221;on|desktop&#8221; nav_item_color_gradient_2__hover=&#8221;#95A611&#8243; nav_item_size_width__hover_enabled=&#8221;on|hover&#8221; nav_item_size_height__hover_enabled=&#8221;on|desktop&#8221; nav_item_size_width__hover=&#8221;100%&#8221; nav_item_size_height__hover=&#8221;100%&#8221; border_color_top_nav_item__hover_enabled=&#8221;on|hover&#8221; border_color_top_nav_item__hover=&#8221;#0C71C3&#8243; nav_container_bgcolor__hover_enabled=&#8221;on|desktop&#8221; nav_container_bgcolor__hover=&#8221;RGBA(255,255,255,0)&#8221; icon_color__hover_enabled=&#8221;on|desktop&#8221; border_color_top_nav_item_active__hover_enabled=&#8221;on|hover&#8221; border_color_top_nav_item_active__hover=&#8221;#0C71C3&#8243;][difl_advancedtabitem title=&#8221;Manual de filtros&#8221; content_type=&#8221;library&#8221; library_item=&#8221;280665&#8243; use_icon=&#8221;on&#8221; font_icon=&#8221;&#xf02d;||fa||900&#8243; icon_color=&#8221;#FFFFFF&#8221; at_button_button_url_new_window=&#8221;1&#8243; button_align=&#8221;left&#8221; text_area_bgcolor=&#8221;#FFFFFF&#8221; button_bgcolor=&#8221;#000000&#8243; _builder_version=&#8221;4.24.0&#8243; _module_preset=&#8221;default&#8221; title_text_align=&#8221;center&#8221; background_color=&#8221;#FFFFFF&#8221; background_enable_color=&#8221;on&#8221; max_width=&#8221;1180px&#8221; custom_margin=&#8221;||0px||false|false&#8221; border_radii=&#8221;on|15px|15px|15px|15px&#8221; global_colors_info=&#8221;{}&#8221;][\/difl_advancedtabitem][difl_advancedtabitem title=&#8221;Manual de bombas de calor&#8221; content_type=&#8221;library&#8221; library_item=&#8221;280660&#8243; use_icon=&#8221;on&#8221; font_icon=&#8221;&#xf02d;||fa||900&#8243; at_button_button_url_new_window=&#8221;1&#8243; _builder_version=&#8221;4.24.0&#8243; _module_preset=&#8221;default&#8221; background_color=&#8221;#FFFFFF&#8221; background_enable_color=&#8221;on&#8221; max_width=&#8221;1180%&#8221; module_alignment=&#8221;center&#8221; custom_margin=&#8221;||0px||false|false&#8221; border_radii=&#8221;on|10px|10px|10px|10px&#8221; global_colors_info=&#8221;{}&#8221;][\/difl_advancedtabitem][difl_advancedtabitem title=&#8221;Otros manuales disponibles&#8221; content_type=&#8221;library&#8221; library_item=&#8221;280676&#8243; use_icon=&#8221;on&#8221; font_icon=&#8221;&#xf02d;||fa||900&#8243; at_button_button_url_new_window=&#8221;1&#8243; _builder_version=&#8221;4.24.0&#8243; _module_preset=&#8221;default&#8221; background_color=&#8221;#FFFFFF&#8221; background_enable_color=&#8221;on&#8221; max_width=&#8221;1180%&#8221; module_alignment=&#8221;center&#8221; custom_margin=&#8221;||0px||false|false&#8221; border_radii=&#8221;on|10px|10px|10px|10px&#8221; global_colors_info=&#8221;{}&#8221;]<\/p>\n<p>111<\/p>\n<p>[\/difl_advancedtabitem][\/difl_advancedtab][\/et_pb_column][\/et_pb_row][\/et_pb_section][et_pb_section fb_built=&#8221;1&#8243; admin_label=&#8221;FAQ&#8221; _builder_version=&#8221;4.16&#8243; background_color=&#8221;#0c4a7c&#8221; module_alignment=&#8221;right&#8221; custom_padding=&#8221;60px|0px|60px|0px|true|false&#8221; collapsed=&#8221;on&#8221; global_colors_info=&#8221;{}&#8221;][et_pb_row _builder_version=&#8221;4.16&#8243; global_colors_info=&#8221;{}&#8221;][et_pb_column type=&#8221;4_4&#8243; _builder_version=&#8221;4.16&#8243; custom_padding=&#8221;|||&#8221; global_colors_info=&#8221;{}&#8221; custom_padding__hover=&#8221;|||&#8221;][et_pb_text module_id=&#8221;faq&#8221; _builder_version=&#8221;4.24.0&#8243; text_font=&#8221;Montserrat||||||||&#8221; text_text_color=&#8221;#FFFFFF&#8221; text_font_size=&#8221;16px&#8221; text_line_height=&#8221;1.8em&#8221; link_font=&#8221;Montserrat|700|||||||&#8221; link_text_color=&#8221;#fa546d&#8221; link_font_size=&#8221;22px&#8221; link_line_height=&#8221;1.5em&#8221; header_font=&#8221;||||||||&#8221; header_2_font=&#8221;Montserrat|700|||||||&#8221; header_2_font_size=&#8221;40px&#8221; header_2_line_height=&#8221;1.4em&#8221; header_6_font=&#8221;Montserrat|600||on|||||&#8221; header_6_text_color=&#8221;#FFFFFF&#8221; header_6_font_size=&#8221;16px&#8221; header_6_letter_spacing=&#8221;2px&#8221; header_6_line_height=&#8221;1.5em&#8221; text_orientation=&#8221;center&#8221; background_layout=&#8221;dark&#8221; max_width=&#8221;100%&#8221; max_width_last_edited=&#8221;off|desktop&#8221; module_alignment=&#8221;left&#8221; custom_margin=&#8221;|||&#8221; custom_padding=&#8221;|||&#8221; header_2_font_size_tablet=&#8221;&#8221; header_2_font_size_phone=&#8221;24px&#8221; header_2_font_size_last_edited=&#8221;on|phone&#8221; locked=&#8221;off&#8221; global_colors_info=&#8221;{}&#8221;]<\/p>\n<h6>Preguntas m\u00e1s frecuentes<\/h6>\n<h2>PREGUNTAS FRECUENTES.<\/h2>\n<p>[\/et_pb_text][et_pb_accordion open_toggle_text_color=&#8221;#000000&#8243; closed_toggle_text_color=&#8221;rgba(0,0,0,0.7)&#8221; closed_toggle_background_color=&#8221;#ffffff&#8221; icon_color=&#8221;rgba(0,0,0,0.3)&#8221; _builder_version=&#8221;4.24.0&#8243; toggle_font=&#8221;Montserrat||||||||&#8221; toggle_font_size=&#8221;16px&#8221; toggle_line_height=&#8221;1.5em&#8221; body_font=&#8221;Montserrat||||||||&#8221; body_line_height=&#8221;2em&#8221; custom_margin=&#8221;|||&#8221; custom_padding=&#8221;|10px||10px|false|true&#8221; border_radii=&#8221;on|6px|6px|6px|6px&#8221; border_width_all=&#8221;0px&#8221; global_colors_info=&#8221;{}&#8221;][et_pb_accordion_item title=&#8221;\u00bfPor qu\u00e9 mi bomba est\u00e1 funcionando caliente pero sin energ\u00eda?&#8221; open=&#8221;on&#8221; _builder_version=&#8221;4.24.0&#8243; global_colors_info=&#8221;{}&#8221;]<\/p>\n<ul>\n<li data-immersive-translate-walked=\"b8dbd4f5-0911-4276-a758-3d87a934b2d0\" data-immersive-translate-paragraph=\"1\">Esto puede ser debido a una falta de energ\u00eda debido al peque\u00f1o tama\u00f1o del cable o conexi\u00f3n pobre. Compruebe su manual de usuario para asegurar el cableadecuado.<\/li>\n<li>Su compa\u00f1\u00eda el\u00e9ctrica local puede experimentar cortes de energ\u00eda, especialmente durante las olas de calor. Reinicie la bomba cuando el tiempo se enfr\u00ede para confirmar que el problema est\u00e1 en el motor.<\/li>\n<li>Su bomba tiene una sobrecarga t\u00e9rmica, que apagar\u00e1 el motor y cuando se caliente demasiado, se reiniciar\u00e1 una vez que se haya enfri. Comprobar las tomas de aire del motor para asegurarse de que est\u00e1n libres de desechos. Si los bloques de escombros estos conductos de ventilaci\u00f3n, que har\u00e1 que el motor se sobrecalentar y potencialmente apagar.<\/li>\n<li>Aseg\u00farese de que su bomba est\u00e9 ubicada en un \u00e1rea con drenaje adecuado. Las inundaciones de la lluvia y otras fuentes pueden causar que las bombas se sobrecalienten y se corten.<\/li>\n<\/ul>\n<p>[\/et_pb_accordion_item][et_pb_accordion_item title=&#8221;\u00bfPor qu\u00e9 mi bomba hace ruido?&#8221; _builder_version=&#8221;4.24.0&#8243; global_colors_info=&#8221;{}&#8221; open=&#8221;off&#8221;]<\/p>\n<ul>\n<li>Hay un ventilador de refrigeraci\u00f3n audible dentro del motor. Al instalar la bomba, se recomienda considerar cuidadosamente la ubicaci\u00f3n; Debajo de la ventana del dormitorio puede no ser la ubicaci\u00f3n ideal.<\/li>\n<li>Las vibraciones del pie y la base de la bomba (donde se encuentra la bomba) pueden hacer que la bomba produzca ruido. Un pedazo de alfombra vieja o goma entre la base de la bomba y la almohadilla del equipo puede reducir el ruido.<\/li>\n<li>Aseg\u00farese de que la bomba est\u00e9 nivelada y el tubo de aspiraci\u00f3n no est\u00e9 m\u00e1s alto que la bomba.<\/li>\n<li>Los rodpueden producir ruido debido al envejecimiento o a altas concentraciones de sustancias qu\u00edmicas y calor. El sello de la bomba con fugas puede da\u00f1ar el cojinete del motor delantero. Es muy importante reparar r\u00e1pidamente cualquier fuga alrededor de la bomba para evitar da\u00f1os extensos. Se recomienda reemplazar los rodamientos o todo el motor. P\u00f3ngase en contacto con su distribuidor autorizado para reparaciones.<\/li>\n<li data-immersive-translate-walked=\"01dd3102-6c26-4c94-a6b4-db8f51956223\" data-immersive-translate-paragraph=\"1\">Muchas veces, el ruido de la bomba puede provende la cavitaci\u00f3n. Hay dos posibles causas de cavitaci\u00f3n, ambos de los cuales est\u00e1n relacionados con la energ\u00eda hidr\u00e1ulica (flujo de agua). La primera es que el tama\u00f1o del tubo de succi\u00f3n es demasiado peque\u00f1o. Si la tuber\u00eda es demasiado peque\u00f1a, la bomba necesitar\u00e1 menos agua para funcionar correctamente. El aumento del tama\u00f1o del tubo (aumento del flujo de agua) o la disminuci\u00f3n del tama\u00f1o del rodete (reducci\u00f3n del flujo de agua) puede silenciar la bomba. La segunda es que el lado de presi\u00f3n del sistema tiene poca o ninguna contrapresi\u00f3n (la bomba es un buen ejemplo). Se recomienda agregar una v\u00e1lvula o algo m\u00e1s para aumentar la contrapresi\u00f3n.<\/li>\n<li data-immersive-translate-walked=\"b8dbd4f5-0911-4276-a758-3d87a934b2d0\" data-immersive-translate-paragraph=\"1\"><\/li>\n<\/ul>\n<p>[\/et_pb_accordion_item][et_pb_accordion_item title=&#8221;\u00bfPor qu\u00e9 las burbujas de aire fluhacia la piscina desde la unidad de reflujo?&#8221; _builder_version=&#8221;4.24.0&#8243; global_colors_info=&#8221;{}&#8221; open=&#8221;off&#8221;]<\/p>\n<ul>\n<li>Si el aire regresa a la piscina, puede haber una fuga en el lado de aspiraci\u00f3n de la bomba. Por favor verifique los siguientes elementos que pueden causar que el aire entre en su sistema: usted puede necesitar contactar a un distribuidor autorizado de Hayward para reparaciones.<\/li>\n<li>Cubierta del filtro y junta t\u00f3ri. Si est\u00e1 suel, fr\u00edtelo. Si est\u00e1 da\u00f1ado, reemplace la junta.<\/li>\n<li>El nivel del agua en la piscina es bajo, causando que el agua y el aire se mezclen en el skimmer.<\/li>\n<li>El vertede skimmer puede atascarse en una posici\u00f3n hacia arriba, causando que el agua y el aire se mezclen en el verteskimmer.<\/li>\n<li>Compruebe el enchufe de drenaje en la carcasa del filtro de la bomba.<\/li>\n<li>Inspectodos los herrajes roscpara detectar fugas debido a sellinadecuados o procedimientos de sellado.<\/li>\n<li>Verifique que la junta pegada no tenga mala adherencia.<\/li>\n<li>Revise todas las v\u00e1lvulas para detectar posibles fugas. Las juntas t\u00f3ride v\u00e1stago son un punto de fuga de succi\u00f3n com\u00fan.<\/li>\n<li>Compruebe y aseg\u00farese de que no hay cavitaci\u00f3n en la bomba.<\/li>\n<li>Compruebe la presencia de grietas en la carcasa de la bomba.<\/li>\n<\/ul>\n<p>[\/et_pb_accordion_item][et_pb_accordion_item title=&#8221;\u00bfPor qu\u00e9 mi bomba no se puede llenar?&#8221; _builder_version=&#8221;4.24.0&#8243; global_colors_info=&#8221;{}&#8221; open=&#8221;off&#8221;]<\/p>\n<ul>\n<li>Fugas en el lado de aspiraci\u00f3n de la bomba.<\/li>\n<li>Aspiraci\u00f3n por succi\u00f3n para asegurarse de que no haya obstrucciones.<\/li>\n<li>Compruebe que el rodete est\u00e1 todav\u00eda unido al eje del motor. Si el impulsor se ha desprendido, es necesario reemplazarlo.<\/li>\n<li>Si la bomba est\u00e1 instalada a cierta distancia de la piscina o por encima del nivel normal de la cubierta, puede tardar m\u00e1s tiempo en arrancar. Para instalaciones a\u00e9reas, puede ser necesario instalar una v\u00e1lvula de retenci\u00f3n en el tubo de aspiraci\u00f3n para facilitar la inyecci\u00f3n.<\/li>\n<li><\/li>\n<\/ul>\n<p>[\/et_pb_accordion_item][et_pb_accordion_item title=&#8221;\u00bfPuedo iniciar la bomba sin agua?&#8221; _builder_version=&#8221;4.24.0&#8243; _module_preset=&#8221;default&#8221; global_colors_info=&#8221;{}&#8221; open=&#8221;off&#8221;]<\/p>\n<p>Las bombas de piscina no deben funcionar sin agua. El conjunto del sello de la bomba en la voluta de la bomba (el \u00e1rea entre la cesta del filtro y el motor de la bomba) protege el motor de la bomba del agua de la piscina. Esta junta estanca se calienta y se enfr\u00eda con el agua de la piscina. Si la bomba funciona sin agua, las juntas se sobrecalentar\u00e1n y fundir\u00e1n, y si la bomba funciona sin agua durante mucho tiempo, el calor generado puede da\u00f1ar la tuber\u00eda de PVC y otros componentes del sistema.<\/p>\n<p>[\/et_pb_accordion_item][\/et_pb_accordion][\/et_pb_column][\/et_pb_row][\/et_pb_section]<\/p>\n","protected":false},"excerpt":{"rendered":"<p>Soporte t\u00e9cnico Aqu\u00ed puede acceder f\u00e1cilmente a informaci\u00f3n sobre sus productos JOYBACH favoritos, incluyendo gu\u00edas de referencia r\u00e1pida, pasos de soluci\u00f3n de problemas y v\u00eddeos de soporte de productos. Has venido al lugar correcto.Soporte t\u00e9cnico Folletos de productos Busque o consulte nuestro cat\u00e1logo para toda la informaci\u00f3n de productos, im\u00e1genes, v\u00eddeos, documentos y descargas.<div class=\"et_pb_module difl_advancedtab difl_advancedtab_0\">\n\t\t\t\t\n\t\t\t\t\n\t\t\t\t\n\t\t\t\t\n\t\t\t\t\n\t\t\t\t\n\t\t\t\t<div class=\"et_pb_module_inner\">\n\t\t\t\t\t<h2 style=\"background:#eee; padding: 10px 20px;\">Please <strong>Add New Tab Item.<\/strong><\/h2>\n\t\t\t\t<\/div>\n\t\t\t<\/div><\/p>\n","protected":false},"author":1,"featured_media":0,"parent":0,"menu_order":0,"comment_status":"closed","ping_status":"closed","template":"","meta":{"_et_pb_use_builder":"on","_et_pb_old_content":"","_et_gb_content_width":"","footnotes":""},"difl_page_category":[],"class_list":["post-280391","page","type-page","status-publish","hentry"],"_links":{"self":[{"href":"https:\/\/www.joymann.com\/index.php\/wp-json\/wp\/v2\/pages\/280391"}],"collection":[{"href":"https:\/\/www.joymann.com\/index.php\/wp-json\/wp\/v2\/pages"}],"about":[{"href":"https:\/\/www.joymann.com\/index.php\/wp-json\/wp\/v2\/types\/page"}],"author":[{"embeddable":true,"href":"https:\/\/www.joymann.com\/index.php\/wp-json\/wp\/v2\/users\/1"}],"replies":[{"embeddable":true,"href":"https:\/\/www.joymann.com\/index.php\/wp-json\/wp\/v2\/comments?post=280391"}],"version-history":[{"count":6,"href":"https:\/\/www.joymann.com\/index.php\/wp-json\/wp\/v2\/pages\/280391\/revisions"}],"predecessor-version":[{"id":281304,"href":"https:\/\/www.joymann.com\/index.php\/wp-json\/wp\/v2\/pages\/280391\/revisions\/281304"}],"wp:attachment":[{"href":"https:\/\/www.joymann.com\/index.php\/wp-json\/wp\/v2\/media?parent=280391"}],"wp:term":[{"taxonomy":"difl_page_category","embeddable":true,"href":"https:\/\/www.joymann.com\/index.php\/wp-json\/wp\/v2\/difl_page_category?post=280391"}],"curies":[{"name":"wp","href":"https:\/\/api.w.org\/{rel}","templated":true}]}}